{"id":823,"date":"2019-07-01T07:40:28","date_gmt":"2019-07-01T07:40:28","guid":{"rendered":"http:\/\/lefinast.krama.se\/contact-02\/"},"modified":"2025-07-15T19:44:53","modified_gmt":"2025-07-15T17:44:53","slug":"kontakt","status":"publish","type":"page","link":"http:\/\/lefinast.krama.se\/ru\/kontakt\/","title":{"rendered":"Kontakt"},"content":{"rendered":"<div class=\"wpb-content-wrapper\"><p>[vc_row full_width=&#8221;stretch_row_content_no_spaces&#8221;][vc_column][vc_wp_custom_html]JTNDaWZyYW1lJTIwc3JjJTNEJTIyaHR0cHMlM0ElMkYlMkZ3d3cuZ29vZ2xlLmNvbSUyRm1hcHMlMkZlbWJlZCUzRnBiJTNEJTIxMW0xOCUyMTFtMTIlMjExbTMlMjExZDI1NzYuODI0Mzg4NTY5NTgxJTIxMmQxNy44MzQ2NTE2MTI5NzQ4MTMlMjEzZDU5LjQyMDY1MjcwMzYwMTM5JTIxMm0zJTIxMWYwJTIxMmYwJTIxM2YwJTIxM20yJTIxMWkxMDI0JTIxMmk3NjglMjE0ZjEzLjElMjEzbTMlMjExbTIlMjExczB4NDY1ZmExZDg3NDFkNzhmOSUyNTNBMHgzMWI5MjMwNDI2OGRlMjBiJTIxMnpVM1IxY21WMnc2Um5aVzRnT1N3Z01UYzNJRFUySUVyRHBISm13NlJzYkdFc0lGTjNaV1JsYmclMjE1ZTElMjEzbTIlMjExc2VuJTIxMnN1cyUyMTR2MTc0OTA3NDAyNDA3NiUyMTVtMiUyMTFzZW4lMjEyc3VzJTIyJTIwd2lkdGglM0QlMjIxMDAlMjUlMjIlMjBoZWlnaHQlM0QlMjI1NjAlMjIlMjBzdHlsZSUzRCUyMmJvcmRlciUzQTAlM0IlMjIlMjBhbGxvd2Z1bGxzY3JlZW4lM0QlMjIlMjIlMjBsb2FkaW5nJTNEJTIybGF6eSUyMiUyMHJlZmVycmVycG9saWN5JTNEJTIybm8tcmVmZXJyZXItd2hlbi1kb3duZ3JhZGUlMjIlM0UlM0MlMkZpZnJhbWUlM0U=[\/vc_wp_custom_html][\/vc_column][\/vc_row][vc_row full_width=&#8221;stretch_row&#8221; lg_spacing=&#8221;padding_top:100;padding_bottom:40&#8243;][vc_column offset=&#8221;vc_col-lg-7 vc_col-md-8&#8243;][tm_heading custom_google_font=&#8221;&#8221; text=&#8221;M\u044b \u0441\u0432\u044f\u0436\u0435\u043c\u0441\u044f \u0441 \u0432\u0430\u043c\u0438&#8221; font_size=&#8221;lg:42&#8243;][tm_spacer size=&#8221;lg:20&#8243;][tm_heading tag=&#8221;div&#8221; custom_google_font=&#8221;&#8221; text=&#8221;\u0425\u043e\u0442\u0438\u0442\u0435 \u0437\u0430\u043f\u0438\u0441\u0430\u0442\u044c\u0441\u044f \u043d\u0430 \u043f\u0440\u0438\u0435\u043c, \u043f\u0435\u0440\u0435\u043d\u0435\u0441\u0442\u0438 \u0437\u0430\u043f\u043b\u0430\u043d\u0438\u0440\u043e\u0432\u0430\u043d\u043d\u044b\u0439 \u0432\u0438\u0437\u0438\u0442 \u0438\u043b\u0438 \u0443 \u0432\u0430\u0441 \u0435\u0441\u0442\u044c \u0434\u0440\u0443\u0433\u0438\u0435 \u0432\u043e\u043f\u0440\u043e\u0441\u044b?<br \/>\n\u041f\u043e\u0436\u0430\u043b\u0443\u0439\u0441\u0442\u0430, \u0437\u0430\u043f\u043e\u043b\u043d\u0438\u0442\u0435 \u0432\u0430\u0448\u0438 \u0434\u0430\u043d\u043d\u044b\u0435 \u0437\u0434\u0435\u0441\u044c:&#8221; font_size=&#8221;lg:17&#8243;][tm_spacer size=&#8221;lg:60&#8243;][tm_contact_form_7 id=&#8221;839&#8243;][tm_spacer size=&#8221;lg:60&#8243;][\/vc_column][vc_column offset=&#8221;vc_col-lg-offset-1 vc_col-lg-4 vc_col-md-4&#8243;][vc_row_inner box_shadow=&#8221;0 0 40px rgba(0,0,0,0.06)&#8221; lg_spacing=&#8221;margin_right:0;margin_left:0&#8243;][vc_column_inner][tm_spacer size=&#8221;lg:50&#8243;][tm_box_icon style=&#8221;12&#8243; align=&#8221;center&#8221; icon_type=&#8221;fontawesome5&#8243; icon_fontawesome5=&#8221;fa-regular fa-map&#8221; heading=&#8221;Sturev\u00e4gen 9&#8243; text=&#8221;177 56 J\u00e4rf\u00e4lla&#8221; lg_spacing=&#8221;margin_bottom:50&#8243; link=&#8221;url:https%3A%2F%2Fwww.google.com%2Fmaps%2Fplace%2FSturev%25C3%25A4gen%2B9%2C%2B177%2B56%2BJ%25C3%25A4rf%25C3%25A4lla%2C%2BSweden%2F%4059.42065%2C17.837232%2C1542m%2Fdata%3D!3m1!1e3!4m6!3m5!1s0x465fa1d8741d78f9%3A0x31b92304268de20b!8m2!3d59.42065!4d17.8372319!16s%252Fg%252F11q2n9q8x_%3Fhl%3Den%26entry%3Dttu%26g_ep%3DEgoyMDI1MDcwOS4wIKXMDSoASAFQAw%253D%253D|target:_blank&#8221;][tm_box_icon style=&#8221;12&#8243; align=&#8221;center&#8221; icon_type=&#8221;fontawesome5&#8243; icon_fontawesome5=&#8221;fa-regular fa-phone-flip&#8221; heading=&#8221;08-580 39 500&#8243; link=&#8221;url:tel%3A800%20388%2080%2090|||&#8221; lg_spacing=&#8221;margin_bottom:50&#8243;][tm_box_icon style=&#8221;12&#8243; align=&#8221;center&#8221; icon_type=&#8221;fontawesome5&#8243; icon_fontawesome5=&#8221;fa-regular fa-envelope&#8221; heading=&#8221;info@lefinast.se&#8221; link=&#8221;url:mailto%3Ainfo%40lefinast.se&#8221; lg_spacing=&#8221;margin_bottom:50&#8243;][tm_box_icon style=&#8221;12&#8243; align=&#8221;center&#8221; icon_type=&#8221;fontawesome5&#8243; icon_fontawesome5=&#8221;fa-regular fa-clock&#8221; heading=&#8221;\u043f\u043d. &#8211; \u0441\u0431. : 9.00\u201318.00&#8243; text=&#8221;\u0432\u0441. : \u0417\u0430\u043a\u0440\u044b\u0442\u043e&#8221; link=&#8221;|||&#8221; lg_spacing=&#8221;margin_bottom:50&#8243;][tm_spacer size=&#8221;lg:10&#8243;][\/vc_column_inner][\/vc_row_inner][tm_spacer size=&#8221;lg:60&#8243;][\/vc_column][\/vc_row]<\/p>\n<\/div>","protected":false},"excerpt":{"rendered":"<p>[vc_row full_width=&#8221;stretch_row_content_no_spaces&#8221;][vc_column][vc_wp_custom_html]JTNDaWZyYW1lJTIwc3JjJTNEJTIyaHR0cHMlM0ElMkYlMkZ3d3cuZ29vZ2xlLmNvbSUyRm1hcHMlMkZlbWJlZCUzRnBiJTNEJTIxMW0xOCUyMTFtMTIlMjExbTMlMjExZDI1NzYuODI0Mzg4NTY5NTgxJTIxMmQxNy44MzQ2NTE2MTI5NzQ4MTMlMjEzZDU5LjQyMDY1MjcwMzYwMTM5JTIxMm0zJTIxMWYwJTIxMmYwJTIxM2YwJTIxM20yJTIxMWkxMDI0JTIxMmk3NjglMjE0ZjEzLjElMjEzbTMlMjExbTIlMjExczB4NDY1ZmExZDg3NDFkNzhmOSUyNTNBMHgzMWI5MjMwNDI2OGRlMjBiJTIxMnpVM1IxY21WMnc2Um5aVzRnT1N3Z01UYzNJRFUySUVyRHBISm13NlJzYkdFc0lGTjNaV1JsYmclMjE1ZTElMjEzbTIlMjExc2VuJTIxMnN1cyUyMTR2MTc0OTA3NDAyNDA3NiUyMTVtMiUyMTFzZW4lMjEyc3VzJTIyJTIwd2lkdGglM0QlMjIxMDAlMjUlMjIlMjBoZWlnaHQlM0QlMjI1NjAlMjIlMjBzdHlsZSUzRCUyMmJvcmRlciUzQTAlM0IlMjIlMjBhbGxvd2Z1bGxzY3JlZW4lM0QlMjIlMjIlMjBsb2FkaW5nJTNEJTIybGF6eSUyMiUyMHJlZmVycmVycG9saWN5JTNEJTIybm8tcmVmZXJyZXItd2hlbi1kb3duZ3JhZGUlMjIlM0UlM0MlMkZpZnJhbWUlM0U=[\/vc_wp_custom_html][\/vc_column][\/vc_row][vc_row full_width=&#8221;stretch_row&#8221; lg_spacing=&#8221;padding_top:100;padding_bottom:40&#8243;][vc_column offset=&#8221;vc_col-lg-7 vc_col-md-8&#8243;][tm_heading custom_google_font=&#8221;&#8221; text=&#8221;M\u044b \u0441\u0432\u044f\u0436\u0435\u043c\u0441\u044f \u0441 \u0432\u0430\u043c\u0438&#8221; font_size=&#8221;lg:42&#8243;][tm_spacer size=&#8221;lg:20&#8243;][tm_heading tag=&#8221;div&#8221; custom_google_font=&#8221;&#8221; text=&#8221;\u0425\u043e\u0442\u0438\u0442\u0435 \u0437\u0430\u043f\u0438\u0441\u0430\u0442\u044c\u0441\u044f \u043d\u0430 \u043f\u0440\u0438\u0435\u043c, \u043f\u0435\u0440\u0435\u043d\u0435\u0441\u0442\u0438 \u0437\u0430\u043f\u043b\u0430\u043d\u0438\u0440\u043e\u0432\u0430\u043d\u043d\u044b\u0439 \u0432\u0438\u0437\u0438\u0442 \u0438\u043b\u0438 \u0443 \u0432\u0430\u0441 \u0435\u0441\u0442\u044c \u0434\u0440\u0443\u0433\u0438\u0435 \u0432\u043e\u043f\u0440\u043e\u0441\u044b? \u041f\u043e\u0436\u0430\u043b\u0443\u0439\u0441\u0442\u0430, \u0437\u0430\u043f\u043e\u043b\u043d\u0438\u0442\u0435 \u0432\u0430\u0448\u0438 \u0434\u0430\u043d\u043d\u044b\u0435 \u0437\u0434\u0435\u0441\u044c:&#8221; font_size=&#8221;lg:17&#8243;][tm_spacer size=&#8221;lg:60&#8243;][tm_contact_form_7 id=&#8221;839&#8243;][tm_spacer size=&#8221;lg:60&#8243;][\/vc_column][vc_column offset=&#8221;vc_col-lg-offset-1 vc_col-lg-4 vc_col-md-4&#8243;][vc_row_inner box_shadow=&#8221;0 0 40px rgba(0,0,0,0.06)&#8221; lg_spacing=&#8221;margin_right:0;margin_left:0&#8243;][vc_column_inner][tm_spacer size=&#8221;lg:50&#8243;][tm_box_icon style=&#8221;12&#8243; align=&#8221;center&#8221; icon_type=&#8221;fontawesome5&#8243; icon_fontawesome5=&#8221;fa-regular fa-map&#8221; heading=&#8221;Sturev\u00e4gen 9&#8243; text=&#8221;177 56 J\u00e4rf\u00e4lla&#8221; lg_spacing=&#8221;margin_bottom:50&#8243; link=&#8221;url:https%3A%2F%2Fwww.google.com%2Fmaps%2Fplace%2FSturev%25C3%25A4gen%2B9%2C%2B177%2B56%2BJ%25C3%25A4rf%25C3%25A4lla%2C%2BSweden%2F%4059.42065%2C17.837232%2C1542m%2Fdata%3D!3m1!1e3!4m6!3m5!1s0x465fa1d8741d78f9%3A0x31b92304268de20b!8m2!3d59.42065!4d17.8372319!16s%252Fg%252F11q2n9q8x_%3Fhl%3Den%26entry%3Dttu%26g_ep%3DEgoyMDI1MDcwOS4wIKXMDSoASAFQAw%253D%253D|target:_blank&#8221;][tm_box_icon style=&#8221;12&#8243; align=&#8221;center&#8221; icon_type=&#8221;fontawesome5&#8243; icon_fontawesome5=&#8221;fa-regular fa-phone-flip&#8221; heading=&#8221;08-580 39 500&#8243; link=&#8221;url:tel%3A800%20388%2080%2090|||&#8221; lg_spacing=&#8221;margin_bottom:50&#8243;][tm_box_icon style=&#8221;12&#8243; align=&#8221;center&#8221; icon_type=&#8221;fontawesome5&#8243; icon_fontawesome5=&#8221;fa-regular fa-envelope&#8221; heading=&#8221;info@lefinast.se&#8221; link=&#8221;url:mailto%3Ainfo%40lefinast.se&#8221; lg_spacing=&#8221;margin_bottom:50&#8243;][tm_box_icon style=&#8221;12&#8243; align=&#8221;center&#8221; icon_type=&#8221;fontawesome5&#8243; icon_fontawesome5=&#8221;fa-regular fa-clock&#8221; heading=&#8221;\u043f\u043d. &#8211; \u0441\u0431. : 9.00\u201318.00&#8243; text=&#8221;\u0432\u0441. : \u0417\u0430\u043a\u0440\u044b\u0442\u043e&#8221; link=&#8221;|||&#8221; lg_spacing=&#8221;margin_bottom:50&#8243;][tm_spacer size=&#8221;lg:10&#8243;][\/vc_column_inner][\/vc_row_inner][tm_spacer size=&#8221;lg:60&#8243;][\/vc_column][\/vc_row]<\/p>\n","protected":false},"author":1,"featured_media":0,"parent":0,"menu_order":4,"comment_status":"closed","ping_status":"closed","template":"","meta":{"footnotes":""},"class_list":["post-823","page","type-page","status-publish","hentry"],"_links":{"self":[{"href":"http:\/\/lefinast.krama.se\/ru\/wp-json\/wp\/v2\/pages\/823","targetHints":{"allow":["GET"]}}],"collection":[{"href":"http:\/\/lefinast.krama.se\/ru\/wp-json\/wp\/v2\/pages"}],"about":[{"href":"http:\/\/lefinast.krama.se\/ru\/wp-json\/wp\/v2\/types\/page"}],"author":[{"embeddable":true,"href":"http:\/\/lefinast.krama.se\/ru\/wp-json\/wp\/v2\/users\/1"}],"replies":[{"embeddable":true,"href":"http:\/\/lefinast.krama.se\/ru\/wp-json\/wp\/v2\/comments?post=823"}],"version-history":[{"count":58,"href":"http:\/\/lefinast.krama.se\/ru\/wp-json\/wp\/v2\/pages\/823\/revisions"}],"predecessor-version":[{"id":4882,"href":"http:\/\/lefinast.krama.se\/ru\/wp-json\/wp\/v2\/pages\/823\/revisions\/4882"}],"wp:attachment":[{"href":"http:\/\/lefinast.krama.se\/ru\/wp-json\/wp\/v2\/media?parent=823"}],"curies":[{"name":"wp","href":"https:\/\/api.w.org\/{rel}","templated":true}]}}