{"id":4856,"date":"2025-07-15T19:16:30","date_gmt":"2025-07-15T17:16:30","guid":{"rendered":"http:\/\/lefinast.krama.se\/?page_id=4856"},"modified":"2025-07-15T19:26:37","modified_gmt":"2025-07-15T17:26:37","slug":"integritetspolicy-2","status":"publish","type":"page","link":"http:\/\/lefinast.krama.se\/ru\/integritetspolicy-2\/","title":{"rendered":"Cookies Policy"},"content":{"rendered":"<div class=\"wpb-content-wrapper\"><p>[vc_row][vc_column][vc_column_text css=&#8221;&#8221;]<\/p>\n<div class=\"elementor-element elementor-element-4f21bc5 elementor-widget elementor-widget-heading\" data-id=\"4f21bc5\" data-element_type=\"widget\" data-widget_type=\"heading.default\">\n<div class=\"elementor-widget-container\">\n<div class=\"elementor-element elementor-element-c2c6388 elementor-widget elementor-widget-heading\" data-id=\"c2c6388\" data-element_type=\"widget\" data-widget_type=\"heading.default\">\n<div class=\"elementor-widget-container\">\n<div class=\"elementor-element elementor-element-ab067f5 elementor-widget elementor-widget-heading\" data-id=\"ab067f5\" data-element_type=\"widget\" data-widget_type=\"heading.default\">\n<div class=\"elementor-widget-container\">\n<h3 class=\"elementor-heading-title elementor-size-default\">Cookies Policy<\/h3>\n<p>&nbsp;<\/p>\n<\/div>\n<\/div>\n<div class=\"elementor-element elementor-element-4af9ac8 elementor-widget__width-initial elementor-widget elementor-widget-text-editor\" data-id=\"4af9ac8\" data-element_type=\"widget\" data-widget_type=\"text-editor.default\">\n<div class=\"elementor-widget-container\">\n<p>Denna cookiepolicy beskriver hur\u00a0<strong>Le Finast AB<\/strong>\u00a0\u00a9 2025 \u2013 Orgnr: 559442-3831, Sturev\u00e4gen 9, 177 56 J\u00e4rf\u00e4lla, Sverige, e-post:\u00a0info@lefinast.se, telefon: 08-580 39 500, anv\u00e4nder cookies och liknande tekniker p\u00e5 v\u00e5r webbplats (https:\/\/lefinast.se). Genom att anv\u00e4nda v\u00e5r webbplats samtycker du till v\u00e5r anv\u00e4ndning av cookies i enlighet med denna cookiepolicy. Om du inte samtycker till att vi anv\u00e4nder cookies, b\u00f6r du inte anv\u00e4nda v\u00e5r webbplats eller \u00e4ndra inst\u00e4llningarna f\u00f6r din webbl\u00e4sare som beskrivs nedan.<\/p>\n<h4>INFORMATION VI SAMLAR IN:<\/h4>\n<p>Vi kan samla in och behandla f\u00f6ljande personuppgifter om dig:<\/p>\n<ol>\n<li>Namn<\/li>\n<li>E-postadress<\/li>\n<li>Telefonnummer<\/li>\n<li>Adress<\/li>\n<li>Eventuell bokningsinformation<\/li>\n<\/ol>\n<h4>HUR VI ANV\u00c4NDER DIN INFORMATION:<\/h4>\n<p>Vi anv\u00e4nder den information vi samlar in f\u00f6r f\u00f6ljande \u00e4ndam\u00e5l:<\/p>\n<ol>\n<li>Bokningar och patientkommunikation<\/li>\n<li>Feedback och f\u00f6rb\u00e4ttring av v\u00e5ra tandv\u00e5rdstj\u00e4nster<\/li>\n<li>Marknadsf\u00f6ring av v\u00e5ra erbjudanden och kampanjer<\/li>\n<li>Support och patienttj\u00e4nst<\/li>\n<\/ol>\n<p>Om vi vill anv\u00e4nda din information f\u00f6r n\u00e5got annat \u00e4ndam\u00e5l kommer vi att beg\u00e4ra ditt samtycke innan vi g\u00f6r det, f\u00f6rutom n\u00e4r lag kr\u00e4ver annat.<\/p>\n<h4>Vad \u00e4r cookies?<\/h4>\n<p>Cookies \u00e4r sm\u00e5 textfiler som lagras p\u00e5 din enhet av webbplatser du bes\u00f6ker. De anv\u00e4nds f\u00f6r att s\u00e4kerst\u00e4lla att webbplatser fungerar korrekt och f\u00f6r att samla in anonym information om hur de anv\u00e4nds.<\/p>\n<h4>Varf\u00f6r anv\u00e4nder vi cookies?<\/h4>\n<p>Vi anv\u00e4nder cookies f\u00f6r att f\u00f6rb\u00e4ttra din upplevelse p\u00e5 v\u00e5r webbplats, analysera trafik och f\u00f6rst\u00e5 vilka delar av webbplatsen som \u00e4r mest anv\u00e4ndbara f\u00f6r v\u00e5ra bes\u00f6kare.<\/p>\n<h4>Vilka typer av cookies anv\u00e4nder vi?<\/h4>\n<p>Vi anv\u00e4nder f\u00f6ljande typer av cookies:<\/p>\n<ul>\n<li><strong>N\u00f6dv\u00e4ndiga cookies:<\/strong>\u00a0Dessa kr\u00e4vs f\u00f6r att webbplatsen ska fungera korrekt, till exempel f\u00f6r att m\u00f6jligg\u00f6ra bokningar och formul\u00e4rinl\u00e4mning.<\/li>\n<li><strong>Prestandacookies:<\/strong>\u00a0Samlar anonym data om hur bes\u00f6kare anv\u00e4nder webbplatsen f\u00f6r att f\u00f6rb\u00e4ttra funktionaliteten.<\/li>\n<li><strong>Funktionscookies:<\/strong>\u00a0Lagrar dina val, som spr\u00e5k eller preferenser, f\u00f6r att ge en personlig upplevelse.<\/li>\n<li><strong>M\u00e5lgrupps- och reklamcookies:<\/strong>\u00a0Anv\u00e4nds f\u00f6r att visa relevanta annonser och m\u00e4ta deras effektivitet.<\/li>\n<\/ul>\n<h4>Hur kan jag kontrollera eller radera cookies?<\/h4>\n<p>Du kan styra cookies genom inst\u00e4llningarna i din webbl\u00e4sare. Om du inte samtycker till v\u00e5r anv\u00e4ndning av cookies kan du blockera eller radera dem. Observera att detta kan p\u00e5verka webbplatsens funktionalitet. F\u00f6r mer information, bes\u00f6k\u00a0<a href=\"https:\/\/www.aboutcookies.org\/\" target=\"_blank\" rel=\"noopener\">Cookie<\/a>.<\/p>\n<h4>\u00c4ndringar i v\u00e5r cookiepolicy<\/h4>\n<p>Denna cookiepolicy kan komma att uppdateras. Bes\u00f6k denna sida regelbundet f\u00f6r att h\u00e5lla dig informerad. Vid st\u00f6rre \u00e4ndringar meddelar vi dig via v\u00e5r webbplats.<\/p>\n<h4>Kontakt<\/h4>\n<p>Om du har fr\u00e5gor om v\u00e5r cookiepolicy, v\u00e4nligen kontakta oss p\u00e5\u00a0<a href=\"mailto:info@lefinast.se\">info@lefinast.se<\/a>.<\/p>\n<p><strong>Senast uppdaterad:<\/strong>\u00a021 Maj 2025<\/p>\n<\/div>\n<\/div>\n<\/div>\n<\/div>\n<\/div>\n<\/div>\n<p>[\/vc_column_text][\/vc_column][\/vc_row]<\/p>\n<\/div>","protected":false},"excerpt":{"rendered":"<p>[vc_row][vc_column][vc_column_text css=&#8221;&#8221;] Cookies Policy &nbsp; Denna cookiepolicy beskriver hur\u00a0Le Finast AB\u00a0\u00a9 2025 \u2013 Orgnr: 559442-3831, Sturev\u00e4gen 9, 177 56 J\u00e4rf\u00e4lla, Sverige, e-post:\u00a0info@lefinast.se, telefon: 08-580 39 500, anv\u00e4nder cookies och liknande tekniker p\u00e5 v\u00e5r webbplats (https:\/\/lefinast.se). Genom att anv\u00e4nda v\u00e5r webbplats samtycker du till v\u00e5r anv\u00e4ndning av cookies i enlighet med denna cookiepolicy. Om du inte samtycker till att vi anv\u00e4nder cookies, b\u00f6r du inte anv\u00e4nda v\u00e5r webbplats eller \u00e4ndra inst\u00e4llningarna f\u00f6r din webbl\u00e4sare som beskrivs nedan. INFORMATION VI SAMLAR IN: Vi kan samla in och behandla f\u00f6ljande personuppgifter om dig: Namn E-postadress Telefonnummer Adress Eventuell bokningsinformation HUR VI ANV\u00c4NDER DIN INFORMATION: Vi anv\u00e4nder den information vi samlar in f\u00f6r f\u00f6ljande \u00e4ndam\u00e5l: Bokningar och patientkommunikation Feedback och f\u00f6rb\u00e4ttring av v\u00e5ra tandv\u00e5rdstj\u00e4nster Marknadsf\u00f6ring av v\u00e5ra erbjudanden och kampanjer Support och patienttj\u00e4nst Om vi vill anv\u00e4nda din information f\u00f6r n\u00e5got annat \u00e4ndam\u00e5l kommer vi att beg\u00e4ra ditt samtycke innan vi g\u00f6r det, f\u00f6rutom n\u00e4r lag kr\u00e4ver annat. Vad \u00e4r cookies? Cookies \u00e4r sm\u00e5 textfiler som lagras p\u00e5 din enhet av webbplatser du bes\u00f6ker. De anv\u00e4nds f\u00f6r att s\u00e4kerst\u00e4lla att webbplatser fungerar korrekt och f\u00f6r att samla in anonym information om hur de anv\u00e4nds. Varf\u00f6r anv\u00e4nder vi cookies? Vi anv\u00e4nder cookies f\u00f6r att f\u00f6rb\u00e4ttra din upplevelse p\u00e5 v\u00e5r webbplats, analysera trafik och f\u00f6rst\u00e5 vilka delar av webbplatsen som \u00e4r mest anv\u00e4ndbara f\u00f6r v\u00e5ra bes\u00f6kare. Vilka typer av cookies anv\u00e4nder vi? Vi anv\u00e4nder f\u00f6ljande typer av cookies: N\u00f6dv\u00e4ndiga cookies:\u00a0Dessa kr\u00e4vs f\u00f6r att webbplatsen ska fungera korrekt, till exempel f\u00f6r att m\u00f6jligg\u00f6ra bokningar och formul\u00e4rinl\u00e4mning. Prestandacookies:\u00a0Samlar anonym data om hur bes\u00f6kare anv\u00e4nder webbplatsen f\u00f6r att f\u00f6rb\u00e4ttra funktionaliteten. Funktionscookies:\u00a0Lagrar dina val, som spr\u00e5k eller preferenser, f\u00f6r att ge en personlig upplevelse. M\u00e5lgrupps- och reklamcookies:\u00a0Anv\u00e4nds f\u00f6r att visa relevanta annonser och m\u00e4ta deras effektivitet. Hur kan jag kontrollera eller radera cookies? Du kan styra cookies genom inst\u00e4llningarna i din webbl\u00e4sare. Om du inte samtycker till v\u00e5r anv\u00e4ndning av cookies kan du blockera eller radera dem. Observera att detta kan p\u00e5verka webbplatsens funktionalitet. F\u00f6r mer information, bes\u00f6k\u00a0Cookie. \u00c4ndringar i v\u00e5r cookiepolicy Denna cookiepolicy kan komma att uppdateras. Bes\u00f6k denna sida regelbundet f\u00f6r att h\u00e5lla dig informerad. Vid st\u00f6rre \u00e4ndringar meddelar vi dig via v\u00e5r webbplats. Kontakt Om du har fr\u00e5gor om v\u00e5r cookiepolicy, v\u00e4nligen kontakta oss p\u00e5\u00a0info@lefinast.se. Senast uppdaterad:\u00a021 Maj 2025 [\/vc_column_text][\/vc_column][\/vc_row]<\/p>\n","protected":false},"author":1,"featured_media":0,"parent":0,"menu_order":1,"comment_status":"closed","ping_status":"open","template":"","meta":{"footnotes":""},"class_list":["post-4856","page","type-page","status-publish","hentry"],"_links":{"self":[{"href":"http:\/\/lefinast.krama.se\/ru\/wp-json\/wp\/v2\/pages\/4856","targetHints":{"allow":["GET"]}}],"collection":[{"href":"http:\/\/lefinast.krama.se\/ru\/wp-json\/wp\/v2\/pages"}],"about":[{"href":"http:\/\/lefinast.krama.se\/ru\/wp-json\/wp\/v2\/types\/page"}],"author":[{"embeddable":true,"href":"http:\/\/lefinast.krama.se\/ru\/wp-json\/wp\/v2\/users\/1"}],"replies":[{"embeddable":true,"href":"http:\/\/lefinast.krama.se\/ru\/wp-json\/wp\/v2\/comments?post=4856"}],"version-history":[{"count":2,"href":"http:\/\/lefinast.krama.se\/ru\/wp-json\/wp\/v2\/pages\/4856\/revisions"}],"predecessor-version":[{"id":4866,"href":"http:\/\/lefinast.krama.se\/ru\/wp-json\/wp\/v2\/pages\/4856\/revisions\/4866"}],"wp:attachment":[{"href":"http:\/\/lefinast.krama.se\/ru\/wp-json\/wp\/v2\/media?parent=4856"}],"curies":[{"name":"wp","href":"https:\/\/api.w.org\/{rel}","templated":true}]}}