{"id":4854,"date":"2025-07-15T19:15:43","date_gmt":"2025-07-15T17:15:43","guid":{"rendered":"http:\/\/lefinast.krama.se\/?page_id=4854"},"modified":"2025-07-15T19:26:05","modified_gmt":"2025-07-15T17:26:05","slug":"personbehandling","status":"publish","type":"page","link":"http:\/\/lefinast.krama.se\/ru\/personbehandling\/","title":{"rendered":"Integritetspolicy"},"content":{"rendered":"<div class=\"wpb-content-wrapper\"><p>[vc_row][vc_column][vc_column_text css=&#8221;&#8221;]<\/p>\n<div class=\"elementor-element elementor-element-4f21bc5 elementor-widget elementor-widget-heading\" data-id=\"4f21bc5\" data-element_type=\"widget\" data-widget_type=\"heading.default\">\n<div class=\"elementor-widget-container\">\n<div class=\"elementor-element elementor-element-c2c6388 elementor-widget elementor-widget-heading\" data-id=\"c2c6388\" data-element_type=\"widget\" data-widget_type=\"heading.default\">\n<div class=\"elementor-widget-container\">\n<h3 class=\"elementor-heading-title elementor-size-default\">Integritetspolicy<\/h3>\n<p>&nbsp;<\/p>\n<\/div>\n<\/div>\n<div class=\"elementor-element elementor-element-319a9ba elementor-widget__width-initial elementor-widget elementor-widget-text-editor\" data-id=\"319a9ba\" data-element_type=\"widget\" data-widget_type=\"text-editor.default\">\n<div class=\"elementor-widget-container\">\n<p><strong>Senast uppdaterad 29-Maj-2025<\/strong>\u00a0<strong>G\u00e4ller fr\u00e5n 29-Maj-2025<\/strong>\u00a0Denna integritetspolicy beskriver policyn f\u00f6r\u00a0<strong>Le Finast AB<\/strong>\u00a0\u00a9 2025 \u2013 Orgnr: 559442-3831, Sturev\u00e4gen 9, 177 56 J\u00e4rf\u00e4lla, Sverige, e-post:\u00a0info@lefinast.se, telefon: 08-580 39 500, g\u00e4llande insamling, anv\u00e4ndning och delning av din information n\u00e4r du anv\u00e4nder v\u00e5r webbplats (https:\/\/lefinast.se) (\u201dTj\u00e4nsten\u201d). Genom att anv\u00e4nda eller f\u00e5 tillg\u00e5ng till Tj\u00e4nsten samtycker du till insamling, anv\u00e4ndning och delning av din information i enlighet med denna integritetspolicy. Om du inte samtycker till detta, v\u00e4nligen anv\u00e4nd inte eller f\u00e5 tillg\u00e5ng till Tj\u00e4nsten. Vi kan \u00e4ndra denna integritetspolicy n\u00e4r som helst utan f\u00f6reg\u00e5ende meddelande till dig och kommer att publicera den reviderade policyn p\u00e5 Tj\u00e4nsten. Den reviderade policyn tr\u00e4der i kraft 180 dagar fr\u00e5n det att den reviderade policyn publicerats p\u00e5 Tj\u00e4nsten och din fortsatta anv\u00e4ndning av Tj\u00e4nsten efter denna tidpunkt inneb\u00e4r att du accepterar den reviderade integritetspolicyn. Vi rekommenderar d\u00e4rf\u00f6r att du regelbundet granskar denna sida.<\/p>\n<h4>INFORMATION VI SAMLAR IN:<\/h4>\n<p>Vi kan samla in och behandla f\u00f6ljande personuppgifter om dig:<\/p>\n<ol>\n<li>Namn<\/li>\n<li>E-post<\/li>\n<li>Telefonnummer<\/li>\n<li>Adress<\/li>\n<li>Bokningsinformation<\/li>\n<\/ol>\n<h4>HUR VI ANV\u00c4NDER DIN INFORMATION:<\/h4>\n<p>Vi anv\u00e4nder den information vi samlar in om dig f\u00f6r f\u00f6ljande \u00e4ndam\u00e5l:<\/p>\n<ol>\n<li>Bokningar och patientkommunikation<\/li>\n<li>Patientfeedback och f\u00f6rb\u00e4ttring av v\u00e5ra tandv\u00e5rdstj\u00e4nster<\/li>\n<li>Marknadsf\u00f6ring av v\u00e5ra erbjudanden och tj\u00e4nster<\/li>\n<li>Patientst\u00f6d och service<\/li>\n<\/ol>\n<p>Om vi vill anv\u00e4nda din information f\u00f6r n\u00e5got annat \u00e4ndam\u00e5l kommer vi att be om ditt samtycke och anv\u00e4nda informationen endast efter att ha f\u00e5tt ditt samtycke och d\u00e5 endast f\u00f6r det \u00e4ndam\u00e5l f\u00f6r vilket samtycke l\u00e4mnats, s\u00e5vida vi inte \u00e4r skyldiga att g\u00f6ra annat enligt lag.<\/p>\n<h4>HUR VI DELAR DIN INFORMATION:<\/h4>\n<p>Vi kommer inte att \u00f6verf\u00f6ra dina personuppgifter till n\u00e5gon tredje part utan att inh\u00e4mta ditt samtycke, f\u00f6rutom i f\u00f6ljande fall:<\/p>\n<ol>\n<li>Marknadsf\u00f6rings- och annonseringspartners<\/li>\n<li>Analystj\u00e4nster<\/li>\n<li>F\u00f6r att uppfylla juridiska skyldigheter<\/li>\n<\/ol>\n<p>Vi kr\u00e4ver att s\u00e5dana tredje parter anv\u00e4nder de personuppgifter som vi \u00f6verf\u00f6r till dem endast f\u00f6r angivet \u00e4ndam\u00e5l och inte beh\u00e5ller dem l\u00e4ngre \u00e4n n\u00f6dv\u00e4ndigt.<\/p>\n<h4>BEVARANDE AV DIN INFORMATION:<\/h4>\n<p>Vi beh\u00e5ller dina personuppgifter i 90 dagar till 2 \u00e5r efter att ditt konto har avslutats eller s\u00e5 l\u00e4nge det kr\u00e4vs f\u00f6r att uppfylla de syften f\u00f6r vilka uppgifterna samlades in. Anonymiserad data kan lagras p\u00e5 obest\u00e4md tid.<\/p>\n<h4>DINA R\u00c4TTIGHETER:<\/h4>\n<p>Du har r\u00e4tt att f\u00e5 tillg\u00e5ng till, r\u00e4tta eller radera dina personuppgifter, begr\u00e4nsa eller inv\u00e4nda mot behandlingen, och beg\u00e4ra att vi \u00f6verf\u00f6r dina uppgifter till en annan enhet. Kontakta oss p\u00e5\u00a0info@lefinast.se\u00a0f\u00f6r att ut\u00f6va dessa r\u00e4ttigheter.<\/p>\n<h4>S\u00c4KERHET:<\/h4>\n<p>Vi anv\u00e4nder rimliga s\u00e4kerhets\u00e5tg\u00e4rder f\u00f6r att skydda din information, men kan inte garantera absolut s\u00e4kerhet. Eventuell \u00f6verf\u00f6ring av information sker p\u00e5 egen risk.<\/p>\n<h4>TREDJE PARTS L\u00c4NKAR:<\/h4>\n<p>V\u00e5r webbplats kan inneh\u00e5lla l\u00e4nkar till andra webbplatser. Vi ansvarar inte f\u00f6r deras inneh\u00e5ll eller integritetspraxis. Vi rekommenderar att du granskar deras policyer.<\/p>\n<h4>Google Analytics och Marknadsf\u00f6ring:<\/h4>\n<p>Le Finast AB anv\u00e4nder Google Analytics och andra tj\u00e4nster f\u00f6r att analysera anv\u00e4ndningen av v\u00e5r webbplats och m\u00e4ta marknadsf\u00f6ringsinsatser. L\u00e4s mer p\u00e5 Googles sekretesspolicy:\u00a0<a href=\"https:\/\/www.google.com\/privacypolicy.html\" target=\"_blank\" rel=\"noopener\">http:\/\/www.google.com\/privacypolicy.html<\/a>.<\/p>\n<h4>KLAGOM\u00c5L:<\/h4>\n<p>Om du har fr\u00e5gor eller bekymmer g\u00e4llande v\u00e5r hantering av dina uppgifter, v\u00e4nligen kontakta oss p\u00e5\u00a0<a href=\"mailto:info@lefinast.se\">info@lefinast.se<\/a>. Vi kommer att behandla dina \u00e4renden i enlighet med till\u00e4mpliga lagar.<\/p>\n<\/div>\n<\/div>\n<\/div>\n<\/div>\n<p>[\/vc_column_text][\/vc_column][\/vc_row]<\/p>\n<\/div>","protected":false},"excerpt":{"rendered":"<p>[vc_row][vc_column][vc_column_text css=&#8221;&#8221;] Integritetspolicy &nbsp; Senast uppdaterad 29-Maj-2025\u00a0G\u00e4ller fr\u00e5n 29-Maj-2025\u00a0Denna integritetspolicy beskriver policyn f\u00f6r\u00a0Le Finast AB\u00a0\u00a9 2025 \u2013 Orgnr: 559442-3831, Sturev\u00e4gen 9, 177 56 J\u00e4rf\u00e4lla, Sverige, e-post:\u00a0info@lefinast.se, telefon: 08-580 39 500, g\u00e4llande insamling, anv\u00e4ndning och delning av din information n\u00e4r du anv\u00e4nder v\u00e5r webbplats (https:\/\/lefinast.se) (\u201dTj\u00e4nsten\u201d). Genom att anv\u00e4nda eller f\u00e5 tillg\u00e5ng till Tj\u00e4nsten samtycker du till insamling, anv\u00e4ndning och delning av din information i enlighet med denna integritetspolicy. Om du inte samtycker till detta, v\u00e4nligen anv\u00e4nd inte eller f\u00e5 tillg\u00e5ng till Tj\u00e4nsten. Vi kan \u00e4ndra denna integritetspolicy n\u00e4r som helst utan f\u00f6reg\u00e5ende meddelande till dig och kommer att publicera den reviderade policyn p\u00e5 Tj\u00e4nsten. Den reviderade policyn tr\u00e4der i kraft 180 dagar fr\u00e5n det att den reviderade policyn publicerats p\u00e5 Tj\u00e4nsten och din fortsatta anv\u00e4ndning av Tj\u00e4nsten efter denna tidpunkt inneb\u00e4r att du accepterar den reviderade integritetspolicyn. Vi rekommenderar d\u00e4rf\u00f6r att du regelbundet granskar denna sida. INFORMATION VI SAMLAR IN: Vi kan samla in och behandla f\u00f6ljande personuppgifter om dig: Namn E-post Telefonnummer Adress Bokningsinformation HUR VI ANV\u00c4NDER DIN INFORMATION: Vi anv\u00e4nder den information vi samlar in om dig f\u00f6r f\u00f6ljande \u00e4ndam\u00e5l: Bokningar och patientkommunikation Patientfeedback och f\u00f6rb\u00e4ttring av v\u00e5ra tandv\u00e5rdstj\u00e4nster Marknadsf\u00f6ring av v\u00e5ra erbjudanden och tj\u00e4nster Patientst\u00f6d och service Om vi vill anv\u00e4nda din information f\u00f6r n\u00e5got annat \u00e4ndam\u00e5l kommer vi att be om ditt samtycke och anv\u00e4nda informationen endast efter att ha f\u00e5tt ditt samtycke och d\u00e5 endast f\u00f6r det \u00e4ndam\u00e5l f\u00f6r vilket samtycke l\u00e4mnats, s\u00e5vida vi inte \u00e4r skyldiga att g\u00f6ra annat enligt lag. HUR VI DELAR DIN INFORMATION: Vi kommer inte att \u00f6verf\u00f6ra dina personuppgifter till n\u00e5gon tredje part utan att inh\u00e4mta ditt samtycke, f\u00f6rutom i f\u00f6ljande fall: Marknadsf\u00f6rings- och annonseringspartners Analystj\u00e4nster F\u00f6r att uppfylla juridiska skyldigheter Vi kr\u00e4ver att s\u00e5dana tredje parter anv\u00e4nder de personuppgifter som vi \u00f6verf\u00f6r till dem endast f\u00f6r angivet \u00e4ndam\u00e5l och inte beh\u00e5ller dem l\u00e4ngre \u00e4n n\u00f6dv\u00e4ndigt. BEVARANDE AV DIN INFORMATION: Vi beh\u00e5ller dina personuppgifter i 90 dagar till 2 \u00e5r efter att ditt konto har avslutats eller s\u00e5 l\u00e4nge det kr\u00e4vs f\u00f6r att uppfylla de syften f\u00f6r vilka uppgifterna samlades in. Anonymiserad data kan lagras p\u00e5 obest\u00e4md tid. DINA R\u00c4TTIGHETER: Du har r\u00e4tt att f\u00e5 tillg\u00e5ng till, r\u00e4tta eller radera dina personuppgifter, begr\u00e4nsa eller inv\u00e4nda mot behandlingen, och beg\u00e4ra att vi \u00f6verf\u00f6r dina uppgifter till en annan enhet. Kontakta oss p\u00e5\u00a0info@lefinast.se\u00a0f\u00f6r att ut\u00f6va dessa r\u00e4ttigheter. S\u00c4KERHET: Vi anv\u00e4nder rimliga s\u00e4kerhets\u00e5tg\u00e4rder f\u00f6r att skydda din information, men kan inte garantera absolut s\u00e4kerhet. Eventuell \u00f6verf\u00f6ring av information sker p\u00e5 egen risk. TREDJE PARTS L\u00c4NKAR: V\u00e5r webbplats kan inneh\u00e5lla l\u00e4nkar till andra webbplatser. Vi ansvarar inte f\u00f6r deras inneh\u00e5ll eller integritetspraxis. Vi rekommenderar att du granskar deras policyer. Google Analytics och Marknadsf\u00f6ring: Le Finast AB anv\u00e4nder Google Analytics och andra tj\u00e4nster f\u00f6r att analysera anv\u00e4ndningen av v\u00e5r webbplats och m\u00e4ta marknadsf\u00f6ringsinsatser. L\u00e4s mer p\u00e5 Googles sekretesspolicy:\u00a0http:\/\/www.google.com\/privacypolicy.html. KLAGOM\u00c5L: Om du har fr\u00e5gor eller bekymmer g\u00e4llande v\u00e5r hantering av dina uppgifter, v\u00e4nligen kontakta oss p\u00e5\u00a0info@lefinast.se. Vi kommer att behandla dina \u00e4renden i enlighet med till\u00e4mpliga lagar. [\/vc_column_text][\/vc_column][\/vc_row]<\/p>\n","protected":false},"author":1,"featured_media":0,"parent":0,"menu_order":1,"comment_status":"closed","ping_status":"open","template":"","meta":{"footnotes":""},"class_list":["post-4854","page","type-page","status-publish","hentry"],"_links":{"self":[{"href":"http:\/\/lefinast.krama.se\/ru\/wp-json\/wp\/v2\/pages\/4854","targetHints":{"allow":["GET"]}}],"collection":[{"href":"http:\/\/lefinast.krama.se\/ru\/wp-json\/wp\/v2\/pages"}],"about":[{"href":"http:\/\/lefinast.krama.se\/ru\/wp-json\/wp\/v2\/types\/page"}],"author":[{"embeddable":true,"href":"http:\/\/lefinast.krama.se\/ru\/wp-json\/wp\/v2\/users\/1"}],"replies":[{"embeddable":true,"href":"http:\/\/lefinast.krama.se\/ru\/wp-json\/wp\/v2\/comments?post=4854"}],"version-history":[{"count":2,"href":"http:\/\/lefinast.krama.se\/ru\/wp-json\/wp\/v2\/pages\/4854\/revisions"}],"predecessor-version":[{"id":4865,"href":"http:\/\/lefinast.krama.se\/ru\/wp-json\/wp\/v2\/pages\/4854\/revisions\/4865"}],"wp:attachment":[{"href":"http:\/\/lefinast.krama.se\/ru\/wp-json\/wp\/v2\/media?parent=4854"}],"curies":[{"name":"wp","href":"https:\/\/api.w.org\/{rel}","templated":true}]}}