{"id":4851,"date":"2025-07-15T19:13:43","date_gmt":"2025-07-15T17:13:43","guid":{"rendered":"http:\/\/lefinast.krama.se\/?page_id=4851"},"modified":"2025-07-15T19:22:24","modified_gmt":"2025-07-15T17:22:24","slug":"sample-page-2","status":"publish","type":"page","link":"http:\/\/lefinast.krama.se\/ru\/sample-page-2\/","title":{"rendered":"Personbehandling"},"content":{"rendered":"<div class=\"wpb-content-wrapper\"><p>[vc_row][vc_column][vc_column_text css=&#8221;&#8221;]<\/p>\n<div class=\"elementor-element elementor-element-4f21bc5 elementor-widget elementor-widget-heading\" data-id=\"4f21bc5\" data-element_type=\"widget\" data-widget_type=\"heading.default\">\n<div class=\"elementor-widget-container\">\n<h3 class=\"elementor-heading-title elementor-size-default\">Personbehandling<\/h3>\n<p>&nbsp;<\/p>\n<\/div>\n<\/div>\n<div class=\"elementor-element elementor-element-e58e123 elementor-widget__width-initial fff elementor-widget elementor-widget-text-editor\" data-id=\"e58e123\" data-element_type=\"widget\" data-widget_type=\"text-editor.default\">\n<div class=\"elementor-widget-container\">\n<p><strong>Le Finast AB<\/strong>\u00a0(org.nr: 559442-3831) v\u00e4rnar om din integritet och behandlar dina personuppgifter med st\u00f6rsta f\u00f6rsiktighet i enlighet med g\u00e4llande dataskyddslagstiftning, inklusive EU:s dataskyddsf\u00f6rordning (GDPR). Denna sida f\u00f6rklarar hur vi samlar in, anv\u00e4nder, skyddar och delar dina personuppgifter i samband med v\u00e5ra tandv\u00e5rdstj\u00e4nster och din kontakt med v\u00e5r klinik.<\/p>\n<h4>Personuppgiftsansvarig<\/h4>\n<p>Le Finast AB \u00e4r personuppgiftsansvarig f\u00f6r behandlingen av dina personuppgifter. Du kan kontakta oss p\u00e5 f\u00f6ljande adress:<\/p>\n<ul>\n<li><strong>Adress:<\/strong>\u00a0Sturev\u00e4gen 9, 177 56 J\u00e4rf\u00e4lla<\/li>\n<li><strong>E-post:<\/strong>\u00a0<a href=\"mailto:info@lefinast.se\">info@lefinast.se<\/a><\/li>\n<li><strong>Telefon:<\/strong>\u00a008-580 39 500<\/li>\n<\/ul>\n<h4>Vilka personuppgifter samlar vi in?<\/h4>\n<p>Vi samlar in personuppgifter som \u00e4r n\u00f6dv\u00e4ndiga f\u00f6r att kunna tillhandah\u00e5lla v\u00e5ra tandv\u00e5rdstj\u00e4nster och administrera patientrelationer. Exempel p\u00e5 personuppgifter vi kan behandla:<\/p>\n<ul>\n<li>Namn<\/li>\n<li>Personnummer<\/li>\n<li>Kontaktuppgifter (adress, telefonnummer, e-post)<\/li>\n<li>Bokningshistorik och behandlingsjournal<\/li>\n<li>Faktureringsinformation<\/li>\n<li>H\u00e4lsoinformation i enlighet med patientdatalagen<\/li>\n<\/ul>\n<h4>\u00c4ndam\u00e5l med behandlingen<\/h4>\n<p>Vi behandlar dina personuppgifter f\u00f6r f\u00f6ljande \u00e4ndam\u00e5l:<\/p>\n<ol>\n<li>F\u00f6r att kunna erbjuda professionell tandv\u00e5rd och f\u00f6lja upp behandlingar<\/li>\n<li>F\u00f6r att administrera bokningar och patientjournaler<\/li>\n<li>F\u00f6r att kommunicera med dig om dina bes\u00f6k, behandlingar och p\u00e5minnelser<\/li>\n<li>F\u00f6r att uppfylla v\u00e5ra r\u00e4ttsliga f\u00f6rpliktelser enligt h\u00e4lso- och sjukv\u00e5rdslagstiftningen<\/li>\n<li>F\u00f6r fakturering och hantering av betalningar<\/li>\n<li>F\u00f6r kvalitetsutv\u00e4rdering, intern dokumentation och f\u00f6rb\u00e4ttring av v\u00e5ra tj\u00e4nster<\/li>\n<\/ol>\n<h4>R\u00e4ttslig grund<\/h4>\n<p>Behandlingen sker enligt f\u00f6ljande r\u00e4ttsliga grunder:<\/p>\n<ul>\n<li><strong>Samtycke:<\/strong>\u00a0F\u00f6r t.ex. nyhetsbrev och marknadsf\u00f6ringsutskick.<\/li>\n<li><strong>Avtal:<\/strong>\u00a0F\u00f6r att kunna fullg\u00f6ra v\u00e5ra avtalade tandv\u00e5rdstj\u00e4nster.<\/li>\n<li><strong>R\u00e4ttslig f\u00f6rpliktelse:<\/strong>\u00a0F\u00f6r att uppfylla krav enligt patientdatalagen, bokf\u00f6ringslagen med mera.<\/li>\n<li><strong>Ber\u00e4ttigat intresse:<\/strong>\u00a0F\u00f6r kundsupport, kommunikation och kvalitetsarbete.<\/li>\n<\/ul>\n<h4>Hur l\u00e4nge sparar vi dina uppgifter?<\/h4>\n<p>Dina personuppgifter bevaras s\u00e5 l\u00e4nge det kr\u00e4vs f\u00f6r att uppfylla syftet med behandlingen och i enlighet med till\u00e4mplig lagstiftning. Patientjournaler sparas enligt patientdatalagens krav (minst 10 \u00e5r fr\u00e5n senaste anteckning). Andra uppgifter kan gallras tidigare enligt v\u00e5ra interna riktlinjer.<\/p>\n<h4>Utl\u00e4mning till tredje part<\/h4>\n<p>Vi l\u00e4mnar endast ut dina personuppgifter till tredje part n\u00e4r det \u00e4r n\u00f6dv\u00e4ndigt, t.ex.:<\/p>\n<ul>\n<li>Myndigheter enligt lagkrav<\/li>\n<li>Samarbetande laboratorier f\u00f6r tandtekniska produkter<\/li>\n<li>IT-leverant\u00f6rer och journalsystemleverant\u00f6rer (enligt personuppgiftsbitr\u00e4desavtal)<\/li>\n<li>Betalningstj\u00e4nster vid fakturering<\/li>\n<\/ul>\n<h4>Dina r\u00e4ttigheter<\/h4>\n<p>Du har r\u00e4tt att:<\/p>\n<ul>\n<li>F\u00e5 tillg\u00e5ng till dina personuppgifter (registerutdrag)<\/li>\n<li>Beg\u00e4ra r\u00e4ttelse av felaktiga uppgifter<\/li>\n<li>Beg\u00e4ra radering av uppgifter (i vissa fall)<\/li>\n<li>Inv\u00e4nda mot behandling eller beg\u00e4ra begr\u00e4nsning<\/li>\n<li>F\u00e5 dina uppgifter \u00f6verf\u00f6rda (dataportabilitet)<\/li>\n<\/ul>\n<p>F\u00f6r att ut\u00f6va dina r\u00e4ttigheter, kontakta oss p\u00e5\u00a0<a href=\"mailto:info@lefinast.se\">info@lefinast.se<\/a>.<\/p>\n<h4>Skydd av dina uppgifter<\/h4>\n<p>Vi anv\u00e4nder tekniska och organisatoriska s\u00e4kerhets\u00e5tg\u00e4rder f\u00f6r att skydda dina uppgifter fr\u00e5n obeh\u00f6rig \u00e5tkomst, manipulation och f\u00f6rlust. All v\u00e5r personal har tystnadsplikt och behandlar din information i enlighet med g\u00e4llande regler.<\/p>\n<h4>Klagom\u00e5l<\/h4>\n<p>Om du anser att v\u00e5r behandling av dina personuppgifter strider mot g\u00e4llande lagar har du r\u00e4tt att l\u00e4mna in klagom\u00e5l till Integritetsskyddsmyndigheten (IMY):\u00a0<a href=\"https:\/\/www.imy.se\/\" target=\"_blank\" rel=\"noopener\">www.imy.se<\/a>.<\/p>\n<h4>\u00c4ndringar i denna sida<\/h4>\n<p>Vi kan uppdatera denna information vid behov. Den senaste versionen finns alltid tillg\u00e4nglig p\u00e5 v\u00e5r webbplats:\u00a0<a href=\"https:\/\/lefinast.se\/\">lefinast.se<\/a>.<\/p>\n<p><strong>Senast uppdaterad:<\/strong>\u00a010 juni 2025<\/p>\n<\/div>\n<\/div>\n<p>[\/vc_column_text][\/vc_column][\/vc_row]<\/p>\n<\/div>","protected":false},"excerpt":{"rendered":"<p>[vc_row][vc_column][vc_column_text css=&#8221;&#8221;] Personbehandling &nbsp; Le Finast AB\u00a0(org.nr: 559442-3831) v\u00e4rnar om din integritet och behandlar dina personuppgifter med st\u00f6rsta f\u00f6rsiktighet i enlighet med g\u00e4llande dataskyddslagstiftning, inklusive EU:s dataskyddsf\u00f6rordning (GDPR). Denna sida f\u00f6rklarar hur vi samlar in, anv\u00e4nder, skyddar och delar dina personuppgifter i samband med v\u00e5ra tandv\u00e5rdstj\u00e4nster och din kontakt med v\u00e5r klinik. Personuppgiftsansvarig Le Finast AB \u00e4r personuppgiftsansvarig f\u00f6r behandlingen av dina personuppgifter. Du kan kontakta oss p\u00e5 f\u00f6ljande adress: Adress:\u00a0Sturev\u00e4gen 9, 177 56 J\u00e4rf\u00e4lla E-post:\u00a0info@lefinast.se Telefon:\u00a008-580 39 500 Vilka personuppgifter samlar vi in? Vi samlar in personuppgifter som \u00e4r n\u00f6dv\u00e4ndiga f\u00f6r att kunna tillhandah\u00e5lla v\u00e5ra tandv\u00e5rdstj\u00e4nster och administrera patientrelationer. Exempel p\u00e5 personuppgifter vi kan behandla: Namn Personnummer Kontaktuppgifter (adress, telefonnummer, e-post) Bokningshistorik och behandlingsjournal Faktureringsinformation H\u00e4lsoinformation i enlighet med patientdatalagen \u00c4ndam\u00e5l med behandlingen Vi behandlar dina personuppgifter f\u00f6r f\u00f6ljande \u00e4ndam\u00e5l: F\u00f6r att kunna erbjuda professionell tandv\u00e5rd och f\u00f6lja upp behandlingar F\u00f6r att administrera bokningar och patientjournaler F\u00f6r att kommunicera med dig om dina bes\u00f6k, behandlingar och p\u00e5minnelser F\u00f6r att uppfylla v\u00e5ra r\u00e4ttsliga f\u00f6rpliktelser enligt h\u00e4lso- och sjukv\u00e5rdslagstiftningen F\u00f6r fakturering och hantering av betalningar F\u00f6r kvalitetsutv\u00e4rdering, intern dokumentation och f\u00f6rb\u00e4ttring av v\u00e5ra tj\u00e4nster R\u00e4ttslig grund Behandlingen sker enligt f\u00f6ljande r\u00e4ttsliga grunder: Samtycke:\u00a0F\u00f6r t.ex. nyhetsbrev och marknadsf\u00f6ringsutskick. Avtal:\u00a0F\u00f6r att kunna fullg\u00f6ra v\u00e5ra avtalade tandv\u00e5rdstj\u00e4nster. R\u00e4ttslig f\u00f6rpliktelse:\u00a0F\u00f6r att uppfylla krav enligt patientdatalagen, bokf\u00f6ringslagen med mera. Ber\u00e4ttigat intresse:\u00a0F\u00f6r kundsupport, kommunikation och kvalitetsarbete. Hur l\u00e4nge sparar vi dina uppgifter? Dina personuppgifter bevaras s\u00e5 l\u00e4nge det kr\u00e4vs f\u00f6r att uppfylla syftet med behandlingen och i enlighet med till\u00e4mplig lagstiftning. Patientjournaler sparas enligt patientdatalagens krav (minst 10 \u00e5r fr\u00e5n senaste anteckning). Andra uppgifter kan gallras tidigare enligt v\u00e5ra interna riktlinjer. Utl\u00e4mning till tredje part Vi l\u00e4mnar endast ut dina personuppgifter till tredje part n\u00e4r det \u00e4r n\u00f6dv\u00e4ndigt, t.ex.: Myndigheter enligt lagkrav Samarbetande laboratorier f\u00f6r tandtekniska produkter IT-leverant\u00f6rer och journalsystemleverant\u00f6rer (enligt personuppgiftsbitr\u00e4desavtal) Betalningstj\u00e4nster vid fakturering Dina r\u00e4ttigheter Du har r\u00e4tt att: F\u00e5 tillg\u00e5ng till dina personuppgifter (registerutdrag) Beg\u00e4ra r\u00e4ttelse av felaktiga uppgifter Beg\u00e4ra radering av uppgifter (i vissa fall) Inv\u00e4nda mot behandling eller beg\u00e4ra begr\u00e4nsning F\u00e5 dina uppgifter \u00f6verf\u00f6rda (dataportabilitet) F\u00f6r att ut\u00f6va dina r\u00e4ttigheter, kontakta oss p\u00e5\u00a0info@lefinast.se. Skydd av dina uppgifter Vi anv\u00e4nder tekniska och organisatoriska s\u00e4kerhets\u00e5tg\u00e4rder f\u00f6r att skydda dina uppgifter fr\u00e5n obeh\u00f6rig \u00e5tkomst, manipulation och f\u00f6rlust. All v\u00e5r personal har tystnadsplikt och behandlar din information i enlighet med g\u00e4llande regler. Klagom\u00e5l Om du anser att v\u00e5r behandling av dina personuppgifter strider mot g\u00e4llande lagar har du r\u00e4tt att l\u00e4mna in klagom\u00e5l till Integritetsskyddsmyndigheten (IMY):\u00a0www.imy.se. \u00c4ndringar i denna sida Vi kan uppdatera denna information vid behov. Den senaste versionen finns alltid tillg\u00e4nglig p\u00e5 v\u00e5r webbplats:\u00a0lefinast.se. Senast uppdaterad:\u00a010 juni 2025 [\/vc_column_text][\/vc_column][\/vc_row]<\/p>\n","protected":false},"author":1,"featured_media":0,"parent":0,"menu_order":1,"comment_status":"closed","ping_status":"open","template":"","meta":{"footnotes":""},"class_list":["post-4851","page","type-page","status-publish","hentry"],"_links":{"self":[{"href":"http:\/\/lefinast.krama.se\/ru\/wp-json\/wp\/v2\/pages\/4851","targetHints":{"allow":["GET"]}}],"collection":[{"href":"http:\/\/lefinast.krama.se\/ru\/wp-json\/wp\/v2\/pages"}],"about":[{"href":"http:\/\/lefinast.krama.se\/ru\/wp-json\/wp\/v2\/types\/page"}],"author":[{"embeddable":true,"href":"http:\/\/lefinast.krama.se\/ru\/wp-json\/wp\/v2\/users\/1"}],"replies":[{"embeddable":true,"href":"http:\/\/lefinast.krama.se\/ru\/wp-json\/wp\/v2\/comments?post=4851"}],"version-history":[{"count":4,"href":"http:\/\/lefinast.krama.se\/ru\/wp-json\/wp\/v2\/pages\/4851\/revisions"}],"predecessor-version":[{"id":4864,"href":"http:\/\/lefinast.krama.se\/ru\/wp-json\/wp\/v2\/pages\/4851\/revisions\/4864"}],"wp:attachment":[{"href":"http:\/\/lefinast.krama.se\/ru\/wp-json\/wp\/v2\/media?parent=4851"}],"curies":[{"name":"wp","href":"https:\/\/api.w.org\/{rel}","templated":true}]}}